{"id":37,"date":"2025-12-10T18:49:17","date_gmt":"2025-12-10T17:49:17","guid":{"rendered":"https:\/\/lodz.oswiata-solidarnosc.pl\/?page_id=37"},"modified":"2025-12-10T23:57:14","modified_gmt":"2025-12-10T22:57:14","slug":"final-konkursu-piosenki-stanu-wojennego","status":"publish","type":"page","link":"http:\/\/lodz.oswiata-solidarnosc.pl\/","title":{"rendered":"Konkurs &#8220;Piosenki Stanu Wojennego&#8221;"},"content":{"rendered":"\t\t<div data-elementor-type=\"wp-page\" data-elementor-id=\"37\" class=\"elementor elementor-37\">\n\t\t\t\t<div class=\"elementor-element elementor-element-15206f8 e-grid e-con-boxed e-con e-parent\" data-id=\"15206f8\" data-element_type=\"container\">\n\t\t\t\t\t<div class=\"e-con-inner\">\n\t\t\t\t<div class=\"elementor-element elementor-element-dda6a49 elementor-widget elementor-widget-image\" data-id=\"dda6a49\" data-element_type=\"widget\" data-widget_type=\"image.default\">\n\t\t\t\t\t\t\t\t\t\t\t\t<figure class=\"wp-caption\">\n\t\t\t\t\t\t\t\t\t\t<img fetchpriority=\"high\" decoding=\"async\" width=\"580\" height=\"205\" src=\"http:\/\/lodz.oswiata-solidarnosc.pl\/wp-content\/uploads\/2025\/12\/LOGO_LODZKIE_URZAD_MARSZALKOWSKI_KOLOR_Obszar-roboczy-1-1024x362.jpg\" class=\"attachment-large size-large wp-image-57\" alt=\"\" srcset=\"http:\/\/lodz.oswiata-solidarnosc.pl\/wp-content\/uploads\/2025\/12\/LOGO_LODZKIE_URZAD_MARSZALKOWSKI_KOLOR_Obszar-roboczy-1-1024x362.jpg 1024w, http:\/\/lodz.oswiata-solidarnosc.pl\/wp-content\/uploads\/2025\/12\/LOGO_LODZKIE_URZAD_MARSZALKOWSKI_KOLOR_Obszar-roboczy-1-300x106.jpg 300w, http:\/\/lodz.oswiata-solidarnosc.pl\/wp-content\/uploads\/2025\/12\/LOGO_LODZKIE_URZAD_MARSZALKOWSKI_KOLOR_Obszar-roboczy-1-768x271.jpg 768w, http:\/\/lodz.oswiata-solidarnosc.pl\/wp-content\/uploads\/2025\/12\/LOGO_LODZKIE_URZAD_MARSZALKOWSKI_KOLOR_Obszar-roboczy-1-1200x424.jpg 1200w, http:\/\/lodz.oswiata-solidarnosc.pl\/wp-content\/uploads\/2025\/12\/LOGO_LODZKIE_URZAD_MARSZALKOWSKI_KOLOR_Obszar-roboczy-1.jpg 1367w\" sizes=\"(max-width: 580px) 100vw, 580px\" \/>\t\t\t\t\t\t\t\t\t\t\t<figcaption class=\"widget-image-caption wp-caption-text\">Partnerem wydarzenia jest Wojew\u00f3dztwo \u0141\u00f3dzkie - Urz\u0105d Marsza\u0142kowski.<\/figcaption>\n\t\t\t\t\t\t\t\t\t\t<\/figure>\n\t\t\t\t\t\t\t\t\t<\/div>\n\t\t\t\t<div class=\"elementor-element elementor-element-e2c7b8f elementor-widget elementor-widget-image\" data-id=\"e2c7b8f\" data-element_type=\"widget\" data-widget_type=\"image.default\">\n\t\t\t\t\t\t\t\t\t\t\t\t<figure class=\"wp-caption\">\n\t\t\t\t\t\t\t\t\t\t<img decoding=\"async\" width=\"256\" height=\"107\" src=\"http:\/\/lodz.oswiata-solidarnosc.pl\/wp-content\/uploads\/2025\/12\/595624242_1382706066979704_4048581581435879157_n.jpg\" class=\"attachment-large size-large wp-image-56\" alt=\"\" \/>\t\t\t\t\t\t\t\t\t\t\t<figcaption class=\"widget-image-caption wp-caption-text\">Specjalny Patronat Honorowy.<\/figcaption>\n\t\t\t\t\t\t\t\t\t\t<\/figure>\n\t\t\t\t\t\t\t\t\t<\/div>\n\t\t\t\t<div class=\"elementor-element elementor-element-0c09d1b elementor-widget elementor-widget-image\" data-id=\"0c09d1b\" data-element_type=\"widget\" data-widget_type=\"image.default\">\n\t\t\t\t\t\t\t\t\t\t\t\t<figure class=\"wp-caption\">\n\t\t\t\t\t\t\t\t\t\t<img decoding=\"async\" width=\"224\" height=\"134\" src=\"http:\/\/lodz.oswiata-solidarnosc.pl\/wp-content\/uploads\/2025\/12\/595989730_1382758226974488_1401764860944263289_n.jpg\" class=\"attachment-large size-large wp-image-55\" alt=\"\" \/>\t\t\t\t\t\t\t\t\t\t\t<figcaption class=\"widget-image-caption wp-caption-text\">Patronat medialny.<\/figcaption>\n\t\t\t\t\t\t\t\t\t\t<\/figure>\n\t\t\t\t\t\t\t\t\t<\/div>\n\t\t\t\t\t<\/div>\n\t\t\t\t<\/div>\n\t\t\t\t<\/div>\n\t\t","protected":false},"excerpt":{"rendered":"<p>Partnerem wydarzenia jest Wojew\u00f3dztwo \u0141\u00f3dzkie &#8211; Urz\u0105d Marsza\u0142kowski. Specjalny Patronat Honorowy. Patronat medialny.<\/p>\n","protected":false},"author":1,"featured_media":0,"parent":0,"menu_order":0,"comment_status":"closed","ping_status":"closed","template":"","meta":{"ngg_post_thumbnail":0,"footnotes":""},"class_list":["post-37","page","type-page","status-publish","hentry"],"_links":{"self":[{"href":"http:\/\/lodz.oswiata-solidarnosc.pl\/index.php?rest_route=\/wp\/v2\/pages\/37","targetHints":{"allow":["GET"]}}],"collection":[{"href":"http:\/\/lodz.oswiata-solidarnosc.pl\/index.php?rest_route=\/wp\/v2\/pages"}],"about":[{"href":"http:\/\/lodz.oswiata-solidarnosc.pl\/index.php?rest_route=\/wp\/v2\/types\/page"}],"author":[{"embeddable":true,"href":"http:\/\/lodz.oswiata-solidarnosc.pl\/index.php?rest_route=\/wp\/v2\/users\/1"}],"replies":[{"embeddable":true,"href":"http:\/\/lodz.oswiata-solidarnosc.pl\/index.php?rest_route=%2Fwp%2Fv2%2Fcomments&post=37"}],"version-history":[{"count":15,"href":"http:\/\/lodz.oswiata-solidarnosc.pl\/index.php?rest_route=\/wp\/v2\/pages\/37\/revisions"}],"predecessor-version":[{"id":121,"href":"http:\/\/lodz.oswiata-solidarnosc.pl\/index.php?rest_route=\/wp\/v2\/pages\/37\/revisions\/121"}],"wp:attachment":[{"href":"http:\/\/lodz.oswiata-solidarnosc.pl\/index.php?rest_route=%2Fwp%2Fv2%2Fmedia&parent=37"}],"curies":[{"name":"wp","href":"https:\/\/api.w.org\/{rel}","templated":true}]}}